{"id":23,"date":"2021-08-17T15:07:13","date_gmt":"2021-08-17T15:07:13","guid":{"rendered":"http:\/\/blueseas.local\/?page_id=23"},"modified":"2026-02-07T10:09:01","modified_gmt":"2026-02-07T10:09:01","slug":"location","status":"publish","type":"page","link":"https:\/\/curacaoblueseasfestival.com\/es\/location\/","title":{"rendered":"Localizaci\u00f3n"},"content":{"rendered":"<div data-elementor-type=\"wp-page\" data-elementor-id=\"23\" class=\"elementor elementor-23\" data-elementor-settings=\"[]\">\n\t\t\t\t\t\t\t<div class=\"elementor-section-wrap\">\n\t\t\t\t\t\t\t<section class=\"elementor-section elementor-top-section elementor-element elementor-element-66a57a68 elementor-section-boxed elementor-section-height-default elementor-section-height-default\" data-id=\"66a57a68\" data-element_type=\"section\">\n\t\t\t\t\t\t<div class=\"elementor-container elementor-column-gap-default\">\n\t\t\t\t\t<div class=\"elementor-column elementor-col-100 elementor-top-column elementor-element elementor-element-553d39a1\" data-id=\"553d39a1\" data-element_type=\"column\">\n\t\t\t<div class=\"elementor-widget-wrap\">\n\t\t\t\t\t\t\t\t\t<\/div>\n\t\t<\/div>\n\t\t\t\t\t\t\t<\/div>\n\t\t<\/section>\n\t\t\t\t<section class=\"elementor-section elementor-top-section elementor-element elementor-element-7f6d5114 elementor-section-boxed elementor-section-height-default elementor-section-height-default\" data-id=\"7f6d5114\" data-element_type=\"section\">\n\t\t\t\t\t\t<div class=\"elementor-container elementor-column-gap-default\">\n\t\t\t\t\t<div class=\"elementor-column elementor-col-100 elementor-top-column elementor-element elementor-element-e6b7b11\" data-id=\"e6b7b11\" data-element_type=\"column\" data-settings=\"{&quot;background_background&quot;:&quot;classic&quot;}\">\n\t\t\t<div class=\"elementor-widget-wrap elementor-element-populated\">\n\t\t\t\t\t<div class=\"elementor-background-overlay\"><\/div>\n\t\t\t\t\t\t\t\t<div class=\"elementor-element elementor-element-5531a8da elementor-widget elementor-widget-heading\" data-id=\"5531a8da\" data-element_type=\"widget\" data-widget_type=\"heading.default\">\n\t\t\t\t<div class=\"elementor-widget-container\">\n\t\t\t<h2 class=\"elementor-heading-title elementor-size-default\">Localizaci\u00f3n<\/h2>\t\t<\/div>\n\t\t\t\t<\/div>\n\t\t\t\t<div class=\"elementor-element elementor-element-1fba0cd elementor-widget elementor-widget-image\" data-id=\"1fba0cd\" data-element_type=\"widget\" data-widget_type=\"image.default\">\n\t\t\t\t<div class=\"elementor-widget-container\">\n\t\t\t\t\t\t\t\t\t\t\t\t\t\t\t<img width=\"800\" height=\"418\" src=\"https:\/\/curacaoblueseasfestival.com\/wp-content\/uploads\/2021\/08\/0af5de5553504333a313bdc3a690be51.png\" class=\"attachment-large size-large\" alt=\"\" loading=\"lazy\" srcset=\"https:\/\/curacaoblueseasfestival.com\/wp-content\/uploads\/2021\/08\/0af5de5553504333a313bdc3a690be51.png 820w, https:\/\/curacaoblueseasfestival.com\/wp-content\/uploads\/2021\/08\/0af5de5553504333a313bdc3a690be51-300x157.png 300w, https:\/\/curacaoblueseasfestival.com\/wp-content\/uploads\/2021\/08\/0af5de5553504333a313bdc3a690be51-768x401.png 768w\" sizes=\"(max-width: 800px) 100vw, 800px\" \/>\t\t\t\t\t\t\t\t\t\t\t\t\t\t\t<\/div>\n\t\t\t\t<\/div>\n\t\t\t\t<div class=\"elementor-element elementor-element-179a90c elementor-widget elementor-widget-image\" data-id=\"179a90c\" data-element_type=\"widget\" data-widget_type=\"image.default\">\n\t\t\t\t<div class=\"elementor-widget-container\">\n\t\t\t\t\t\t\t\t\t\t\t\t\t\t\t<img width=\"800\" height=\"800\" src=\"https:\/\/curacaoblueseasfestival.com\/wp-content\/uploads\/2025\/03\/plattegrond-2025-1024x1024.jpg\" class=\"attachment-large size-large\" alt=\"\" loading=\"lazy\" srcset=\"https:\/\/curacaoblueseasfestival.com\/wp-content\/uploads\/2025\/03\/plattegrond-2025-1024x1024.jpg 1024w, https:\/\/curacaoblueseasfestival.com\/wp-content\/uploads\/2025\/03\/plattegrond-2025-300x300.jpg 300w, https:\/\/curacaoblueseasfestival.com\/wp-content\/uploads\/2025\/03\/plattegrond-2025-150x150.jpg 150w, https:\/\/curacaoblueseasfestival.com\/wp-content\/uploads\/2025\/03\/plattegrond-2025-768x768.jpg 768w, https:\/\/curacaoblueseasfestival.com\/wp-content\/uploads\/2025\/03\/plattegrond-2025-1536x1536.jpg 1536w, https:\/\/curacaoblueseasfestival.com\/wp-content\/uploads\/2025\/03\/plattegrond-2025-12x12.jpg 12w, https:\/\/curacaoblueseasfestival.com\/wp-content\/uploads\/2025\/03\/plattegrond-2025.jpg 1920w\" sizes=\"(max-width: 800px) 100vw, 800px\" \/>\t\t\t\t\t\t\t\t\t\t\t\t\t\t\t<\/div>\n\t\t\t\t<\/div>\n\t\t\t\t<div class=\"elementor-element elementor-element-a4d0fb5 elementor-widget elementor-widget-heading\" data-id=\"a4d0fb5\" data-element_type=\"widget\" data-widget_type=\"heading.default\">\n\t\t\t\t<div class=\"elementor-widget-container\">\n\t\t\t<h2 class=\"elementor-heading-title elementor-size-default\">Distrito de Pietermaai<\/h2>\t\t<\/div>\n\t\t\t\t<\/div>\n\t\t\t\t<div class=\"elementor-element elementor-element-5e3b3197 elementor-widget elementor-widget-text-editor\" data-id=\"5e3b3197\" data-element_type=\"widget\" data-widget_type=\"text-editor.default\">\n\t\t\t\t<div class=\"elementor-widget-container\">\n\t\t\t\t\t\t\t<p>Aunque esta parte de Willemstad pertenec\u00eda antes a la clase alta, despu\u00e9s de un periodo largo de estar sin ocupaci\u00f3n y deshabitado, durante la \u00faltima d\u00e9cada del siglo 20 esta parte se encontraba en mal estado y hasta se convirti\u00f3 en un \u2018getto. Desde el 2000 sin embargo empezaron a restaurar las casonas y casas de obreros de 200 a\u00f1os, que entre tanto todas se convirtieron en monumentos, y ponerlas todas en su estado original. Desde aquel tiempo este barrio pas\u00f3 por un metamorfosis. Este barrio nuevo de moda muchas veces apodado como el \u201cSoHo\u201d de Curacao, se convirti\u00f3 en una base casera de una cantidad de restaurantes rom\u00e1nticos, hoteles, apartamentos y condominios que son ocupados por habitantes permanentes, turistas y estudiantes.<\/p>\n<p>El viernes 3 y s\u00e1bado 4 de abril de 2026, hist\u00f3rico <a href=\"http:\/\/pietermaaidistrict.com\/\">Distrito de Pietermaai<\/a> el lugar donde todo sucede: Curazao International BlueSeas Festival.<br>Fb:&nbsp;<a href=\"https:\/\/www.facebook.com\/PietermaaiDistrict\" target=\"_blank\" rel=\"noopener\">Pietermaai District Cura\u00e7ao<\/a><br>Twitter:&nbsp;<a href=\"https:\/\/twitter.com\/pietermaaid\" target=\"_blank\" rel=\"noopener\">@pietermaaiD<\/a><br>Instagram:&nbsp;<a href=\"http:\/\/instagram.com\/pietermaaidistrict\" target=\"_blank\" rel=\"noopener\">\/pietermaaidistrict<\/a><\/p>\t\t\t\t\t\t<\/div>\n\t\t\t\t<\/div>\n\t\t\t\t<div class=\"elementor-element elementor-element-0198afb elementor-widget elementor-widget-heading\" data-id=\"0198afb\" data-element_type=\"widget\" data-widget_type=\"heading.default\">\n\t\t\t\t<div class=\"elementor-widget-container\">\n\t\t\t<h2 class=\"elementor-heading-title elementor-size-default\">Bares y restaurantes participantes<\/h2>\t\t<\/div>\n\t\t\t\t<\/div>\n\t\t\t\t<div class=\"elementor-element elementor-element-d569c6d elementor-widget elementor-widget-text-editor\" data-id=\"d569c6d\" data-element_type=\"widget\" data-widget_type=\"text-editor.default\">\n\t\t\t\t<div class=\"elementor-widget-container\">\n\t\t\t\t\t\t\t<p><strong>Mundo Bizarro<\/strong><br \/>Nieuwestraat 12<br \/><a href=\"http:\/\/mundobizarro.com\/\">mundobizarro.com<\/a><br \/>IG:<a href=\"https:\/\/www.instagram.com\/MundoBizarroCuracao\"> MundoBizarroCuracao<\/a><\/p><p><strong>CasaNova<\/strong><br \/>Nieuwestraat 14<br \/>IG: <a href=\"https:\/\/www.instagram.com\/casanova_pietermaai\">casanova_pietermaai<\/a><\/p><p><strong>Mi Familia<\/strong><br \/>Nieuwestraat 5<br \/>IG: <a href=\"https:\/\/www.instagram.com\/MiFamiliaCuracao\">MiFamiliaCuracao<\/a><br \/><a href=\"https:\/\/www.mifamiliacuracao.com\/\">mifamiliacuracao.com<\/a><\/p><p><strong>Ginger<\/strong><br \/>Schoonesteeg 1<br \/>FB: <a href=\"https:\/\/www.facebook.com\/GingerCuracao\">GingerCuracao<\/a><br \/><a href=\"https:\/\/gingercuracao.com\/\">Gingercuracao.com<\/a><\/p><p><strong>Taqueria Maya<\/strong><br \/>Nieuwestraat 30-32<br \/>IG: <a href=\"https:\/\/www.instagram.com\/maya.taqueria\/\">maya.taqueria<\/a><br \/><a href=\"https:\/\/www.maya-curacao.com\/\">maya-curacao.com<\/a><\/p><p><strong>De Ruyter<\/strong><br \/>De Ruyterkade 58<br \/>IG: <a href=\"https:\/\/www.instagram.com\/DeRuyterBar_Curacao\">DeRuyterBar_Curacao<\/a><\/p><p><strong>Mr Porter<\/strong><br \/>Nieuwestraat 42<br \/>IG: <a href=\"https:\/\/www.instagram.com\/MrPorterbar\">MrPorterbar<\/a><\/p><p><strong>The Pink Unicorn<\/strong><br \/>Nieuwestraat 46<br \/>IG: <a href=\"https:\/\/www.instagram.com\/ThePinkUnicorn_Curacao\">ThePinkUnicorn_Curacao<\/a><br \/><br \/><\/p><p><strong>Bistro 91<\/strong><br \/>Nieuwestraat 48<br \/>IG: <a href=\"https:\/\/www.instagram.com\/bistro91curacao\">bistro91curacao<\/a><br \/><a href=\"https:\/\/bistro91curacao.everyorder.io\/\">bistro91curacao.com<\/a><\/p><p><strong>Kura Hulanda Village<\/strong><br \/>Klipstraat<br \/>IG: <a href=\"https:\/\/www.instagram.com\/kurahulanda\/\">kurahulanda<\/a><br \/><a href=\"https:\/\/www.kurahulandavillage.com\/\">kurahulanda.com<\/a><\/p>\t\t\t\t\t\t<\/div>\n\t\t\t\t<\/div>\n\t\t\t\t<section class=\"elementor-section elementor-inner-section elementor-element elementor-element-4145cc43 elementor-section-boxed elementor-section-height-default elementor-section-height-default\" data-id=\"4145cc43\" data-element_type=\"section\" data-settings=\"{&quot;background_background&quot;:&quot;classic&quot;}\">\n\t\t\t\t\t\t\t<div class=\"elementor-background-overlay\"><\/div>\n\t\t\t\t\t\t\t<div class=\"elementor-container elementor-column-gap-default\">\n\t\t\t\t\t<div class=\"elementor-column elementor-col-50 elementor-inner-column elementor-element elementor-element-31eb4562\" data-id=\"31eb4562\" data-element_type=\"column\">\n\t\t\t<div class=\"elementor-widget-wrap elementor-element-populated\">\n\t\t\t\t\t\t\t\t<div class=\"elementor-element elementor-element-d36e81 elementor-grid-1 elementor-grid-tablet-2 elementor-grid-mobile-1 elementor-posts--thumbnail-top elementor-widget elementor-widget-posts\" data-id=\"d36e81\" data-element_type=\"widget\" data-settings=\"{&quot;classic_columns&quot;:&quot;1&quot;,&quot;classic_columns_tablet&quot;:&quot;2&quot;,&quot;classic_columns_mobile&quot;:&quot;1&quot;,&quot;classic_row_gap&quot;:{&quot;unit&quot;:&quot;px&quot;,&quot;size&quot;:35,&quot;sizes&quot;:[]}}\" data-widget_type=\"posts.classic\">\n\t\t\t\t<div class=\"elementor-widget-container\">\n\t\t\t\t\t<div class=\"elementor-posts-container elementor-posts elementor-posts--skin-classic elementor-grid\">\n\t\t\t\t<article class=\"elementor-post elementor-grid-item post-233 post type-post status-publish format-standard hentry category-footer\">\n\t\t\t\t<div class=\"elementor-post__text\">\n\t\t\t\t<div class=\"elementor-post__excerpt\">\n\t\t\t<p>\u00a9 Copyright 2021 Cura\u00e7ao International BlueSeas Festival. All rights reserved.<\/p>\n\t\t<\/div>\n\t\t\t\t<\/div>\n\t\t\t\t<\/article>\n\t\t\t\t<\/div>\n\n\n\t\t\n\t\t\t\t<\/div>\n\t\t\t\t<\/div>\n\t\t\t\t\t<\/div>\n\t\t<\/div>\n\t\t\t\t<div class=\"elementor-column elementor-col-50 elementor-inner-column elementor-element elementor-element-6d28b3c9\" data-id=\"6d28b3c9\" data-element_type=\"column\">\n\t\t\t<div class=\"elementor-widget-wrap elementor-element-populated\">\n\t\t\t\t\t\t\t\t<div class=\"elementor-element elementor-element-5dd4a201 elementor-widget elementor-widget-text-editor\" data-id=\"5dd4a201\" data-element_type=\"widget\" data-widget_type=\"text-editor.default\">\n\t\t\t\t<div class=\"elementor-widget-container\">\n\t\t\t\t\t\t\t<p><a href=\"https:\/\/curacaoblueseasfestival.com\/es\/contact\/\">Contacto<\/a><\/p>\t\t\t\t\t\t<\/div>\n\t\t\t\t<\/div>\n\t\t\t\t\t<\/div>\n\t\t<\/div>\n\t\t\t\t\t\t\t<\/div>\n\t\t<\/section>\n\t\t\t\t\t<\/div>\n\t\t<\/div>\n\t\t\t\t\t\t\t<\/div>\n\t\t<\/section>\n\t\t\t\t\t\t<\/div>\n\t\t\t\t\t<\/div>","protected":false},"excerpt":{"rendered":"<p>LOCATION Pietermaai District Although this part of Willemstad used to belong to the upper classes, it became a ghetto during the last decades of the 20th century after a long period of neglect and being sparsely populated. Since the year 2000, however, Pietermaai has undergone a huge transformation when the 200-year old mansions and workers [&hellip;]<\/p>","protected":false},"author":1,"featured_media":0,"parent":0,"menu_order":0,"comment_status":"closed","ping_status":"closed","template":"","meta":[],"_links":{"self":[{"href":"https:\/\/curacaoblueseasfestival.com\/es\/wp-json\/wp\/v2\/pages\/23"}],"collection":[{"href":"https:\/\/curacaoblueseasfestival.com\/es\/wp-json\/wp\/v2\/pages"}],"about":[{"href":"https:\/\/curacaoblueseasfestival.com\/es\/wp-json\/wp\/v2\/types\/page"}],"author":[{"embeddable":true,"href":"https:\/\/curacaoblueseasfestival.com\/es\/wp-json\/wp\/v2\/users\/1"}],"replies":[{"embeddable":true,"href":"https:\/\/curacaoblueseasfestival.com\/es\/wp-json\/wp\/v2\/comments?post=23"}],"version-history":[{"count":57,"href":"https:\/\/curacaoblueseasfestival.com\/es\/wp-json\/wp\/v2\/pages\/23\/revisions"}],"predecessor-version":[{"id":2223,"href":"https:\/\/curacaoblueseasfestival.com\/es\/wp-json\/wp\/v2\/pages\/23\/revisions\/2223"}],"wp:attachment":[{"href":"https:\/\/curacaoblueseasfestival.com\/es\/wp-json\/wp\/v2\/media?parent=23"}],"curies":[{"name":"wp","href":"https:\/\/api.w.org\/{rel}","templated":true}]}}