{"id":31,"date":"2021-08-17T15:14:26","date_gmt":"2021-08-17T15:14:26","guid":{"rendered":"http:\/\/blueseas.local\/?page_id=31"},"modified":"2021-10-22T17:55:53","modified_gmt":"2021-10-22T17:55:53","slug":"about","status":"publish","type":"page","link":"https:\/\/curacaoblueseasfestival.com\/es\/about\/","title":{"rendered":"Sobre"},"content":{"rendered":"<div data-elementor-type=\"wp-page\" data-elementor-id=\"31\" class=\"elementor elementor-31\" data-elementor-settings=\"[]\">\n\t\t\t\t\t\t\t<div class=\"elementor-section-wrap\">\n\t\t\t\t\t\t\t<section class=\"elementor-section elementor-top-section elementor-element elementor-element-63d194f6 elementor-section-boxed elementor-section-height-default elementor-section-height-default\" data-id=\"63d194f6\" data-element_type=\"section\">\n\t\t\t\t\t\t<div class=\"elementor-container elementor-column-gap-default\">\n\t\t\t\t\t<div class=\"elementor-column elementor-col-100 elementor-top-column elementor-element elementor-element-74a3a331\" data-id=\"74a3a331\" data-element_type=\"column\">\n\t\t\t<div class=\"elementor-widget-wrap\">\n\t\t\t\t\t\t\t\t\t<\/div>\n\t\t<\/div>\n\t\t\t\t\t\t\t<\/div>\n\t\t<\/section>\n\t\t\t\t<section class=\"elementor-section elementor-top-section elementor-element elementor-element-4b201183 elementor-section-boxed elementor-section-height-default elementor-section-height-default\" data-id=\"4b201183\" data-element_type=\"section\">\n\t\t\t\t\t\t<div class=\"elementor-container elementor-column-gap-default\">\n\t\t\t\t\t<div class=\"elementor-column elementor-col-100 elementor-top-column elementor-element elementor-element-c4ac79e\" data-id=\"c4ac79e\" data-element_type=\"column\" data-settings=\"{&quot;background_background&quot;:&quot;classic&quot;}\">\n\t\t\t<div class=\"elementor-widget-wrap elementor-element-populated\">\n\t\t\t\t\t<div class=\"elementor-background-overlay\"><\/div>\n\t\t\t\t\t\t\t\t<div class=\"elementor-element elementor-element-6371d65b elementor-widget elementor-widget-heading\" data-id=\"6371d65b\" data-element_type=\"widget\" data-widget_type=\"heading.default\">\n\t\t\t\t<div class=\"elementor-widget-container\">\n\t\t\t<h2 class=\"elementor-heading-title elementor-size-default\">About Fundashon Bon Intenshon<\/h2>\t\t<\/div>\n\t\t\t\t<\/div>\n\t\t\t\t<div class=\"elementor-element elementor-element-214aff88 elementor-widget elementor-widget-text-editor\" data-id=\"214aff88\" data-element_type=\"widget\" data-widget_type=\"text-editor.default\">\n\t\t\t\t<div class=\"elementor-widget-container\">\n\t\t\t\t\t\t\t<p><img loading=\"lazy\" class=\"size-medium wp-image-1039 alignleft\" src=\"https:\/\/curacaoblueseasfestival.com\/wp-content\/uploads\/2021\/10\/d3f4817c317e402d97b0a6c824dc8b0b-300x98.jpg\" alt=\"\" width=\"300\" height=\"98\" srcset=\"https:\/\/curacaoblueseasfestival.com\/wp-content\/uploads\/2021\/10\/d3f4817c317e402d97b0a6c824dc8b0b-300x98.jpg 300w, https:\/\/curacaoblueseasfestival.com\/wp-content\/uploads\/2021\/10\/d3f4817c317e402d97b0a6c824dc8b0b-18x6.jpg 18w, https:\/\/curacaoblueseasfestival.com\/wp-content\/uploads\/2021\/10\/d3f4817c317e402d97b0a6c824dc8b0b.jpg 306w\" sizes=\"(max-width: 300px) 100vw, 300px\" \/>La Fundashon Bon Intenshon quiere poner Curazao de una manera grandiosa y espectacular bajo la atenci\u00f3n de la comunidad (inter)nacional. Desde que fue fundada, la F.B.I., a base de su compromiso y envolvimiento social ha sostenido m\u00e1s proyectos en el ramo de: la ense\u00f1anza, cultura, deporte combatir la pobreza, el cuido y el turismo. E acento del sost\u00e9n est\u00e1 principalmente en el terreno de crear mejor oportunidades para los j\u00f3venes en las situaciones de atrasos. Un bonito ejemplo de esto es el<\/p><p>La Fundashon Bon Intenshon desea llamar la atenci\u00f3n de la comunidad (inter)nacional de manera especial sobre Cura\u00e7ao. Desde su creaci\u00f3n, la Fundashon ha apoyado, como parte de su compromiso social, diversos proyectos en el \u00e1mbito de la educaci\u00f3n, la cultura, el deporte, la reducci\u00f3n de la pobreza, la atenci\u00f3n (sanitaria) y el turismo. El \u00e9nfasis del apoyo se encuentra principalmente en el \u00e1mbito de la creaci\u00f3n de mejores oportunidades para los j\u00f3venes en situaciones desfavorecidas. Un buen ejemplo de ello es la\u00a0<a href=\"http:\/\/www.curacaosocceracademy.com\/\" target=\"_blank\" rel=\"noopener\">Cura\u00e7ao Soccer Academy<\/a>, una academia de futbol creado especialmente para la juventud. Talentos j\u00f3venes reciben casi diariamente el entrenamiento de futbol y aparte de esto reciben tambi\u00e9n la gu\u00eda en el terreno personal y en sus deberes escolares. Un proyecto \u00fanico dentro de toda nuestra regi\u00f3n.<\/p><p>Cura\u00e7ao International BlueSeas Festival es organizado por la Fundashon Bon Intenshon en estrecho cooperaci\u00f3n con\u00a0<a href=\"http:\/\/www.mojo.nl\/\" target=\"_blank\" rel=\"noopener\">Mojo Concerts<\/a>hace la conexi\u00f3n perfecta. Estos visitantes no gozan solamente del festival, pero tambi\u00e9n disfrutan de la hospitalidad de Curazao. Esto pone la isla de Curazao en todos sus aspectos de una manera especial bajo la atenci\u00f3n del fan\u00e1tico internacional de la m\u00fasica.<\/p><p>El\u00a0<a href=\"http:\/\/www.curacaonorthseajazz.com\/\" target=\"_blank\" rel=\"noopener\">Cura\u00e7ao North Sea Jazz Festival<\/a>\u00a0y el\u00a0<a href=\"http:\/\/www.curacaoiffr.com\/\" target=\"_blank\" rel=\"noopener\">Cura\u00e7ao International Film Festival Rotterdam<\/a>\u00a0son dos proyectos \u00fanicos que la Fundashon Bon Intenshon supo realizar.<\/p>\t\t\t\t\t\t<\/div>\n\t\t\t\t<\/div>\n\t\t\t\t<section class=\"elementor-section elementor-inner-section elementor-element elementor-element-10382063 elementor-section-boxed elementor-section-height-default elementor-section-height-default\" data-id=\"10382063\" data-element_type=\"section\" data-settings=\"{&quot;background_background&quot;:&quot;classic&quot;}\">\n\t\t\t\t\t\t\t<div class=\"elementor-background-overlay\"><\/div>\n\t\t\t\t\t\t\t<div class=\"elementor-container elementor-column-gap-default\">\n\t\t\t\t\t<div class=\"elementor-column elementor-col-50 elementor-inner-column elementor-element elementor-element-6734c946\" data-id=\"6734c946\" data-element_type=\"column\">\n\t\t\t<div class=\"elementor-widget-wrap elementor-element-populated\">\n\t\t\t\t\t\t\t\t<div class=\"elementor-element elementor-element-6811c26f elementor-grid-1 elementor-grid-tablet-2 elementor-grid-mobile-1 elementor-posts--thumbnail-top elementor-widget elementor-widget-posts\" data-id=\"6811c26f\" data-element_type=\"widget\" data-settings=\"{&quot;classic_columns&quot;:&quot;1&quot;,&quot;classic_columns_tablet&quot;:&quot;2&quot;,&quot;classic_columns_mobile&quot;:&quot;1&quot;,&quot;classic_row_gap&quot;:{&quot;unit&quot;:&quot;px&quot;,&quot;size&quot;:35,&quot;sizes&quot;:[]}}\" data-widget_type=\"posts.classic\">\n\t\t\t\t<div class=\"elementor-widget-container\">\n\t\t\t\t\t<div class=\"elementor-posts-container elementor-posts elementor-posts--skin-classic elementor-grid\">\n\t\t\t\t<article class=\"elementor-post elementor-grid-item post-233 post type-post status-publish format-standard hentry category-footer\">\n\t\t\t\t<div class=\"elementor-post__text\">\n\t\t\t\t<div class=\"elementor-post__excerpt\">\n\t\t\t<p>\u00a9 Copyright 2021 Cura\u00e7ao International BlueSeas Festival. All rights reserved.<\/p>\n\t\t<\/div>\n\t\t\t\t<\/div>\n\t\t\t\t<\/article>\n\t\t\t\t<\/div>\n\n\n\t\t\n\t\t\t\t<\/div>\n\t\t\t\t<\/div>\n\t\t\t\t\t<\/div>\n\t\t<\/div>\n\t\t\t\t<div class=\"elementor-column elementor-col-50 elementor-inner-column elementor-element elementor-element-2f9adc8\" data-id=\"2f9adc8\" data-element_type=\"column\">\n\t\t\t<div class=\"elementor-widget-wrap elementor-element-populated\">\n\t\t\t\t\t\t\t\t<div class=\"elementor-element elementor-element-399b4f70 elementor-widget elementor-widget-text-editor\" data-id=\"399b4f70\" data-element_type=\"widget\" data-widget_type=\"text-editor.default\">\n\t\t\t\t<div class=\"elementor-widget-container\">\n\t\t\t\t\t\t\t<p><a href=\"https:\/\/curacaoblueseasfestival.com\/es\/contact\/\">Contacto<\/a><\/p>\t\t\t\t\t\t<\/div>\n\t\t\t\t<\/div>\n\t\t\t\t\t<\/div>\n\t\t<\/div>\n\t\t\t\t\t\t\t<\/div>\n\t\t<\/section>\n\t\t\t\t\t<\/div>\n\t\t<\/div>\n\t\t\t\t\t\t\t<\/div>\n\t\t<\/section>\n\t\t\t\t\t\t<\/div>\n\t\t\t\t\t<\/div>","protected":false},"excerpt":{"rendered":"<p>About Fundashon Bon Intenshon The Foundation \u201cFundashon Bon Intenshon\u201d, established in Cura\u00e7ao and founded in 1990, is initiator, co-organizer, and main sponsor of Cura\u00e7ao International BlueSeas Festival. Fundashon Bon Intenshon wishes to prominently bring Cura\u00e7ao to the attention of the (inter)national community in a special manner. Since its formation, the Fundashon has, as part of [&hellip;]<\/p>","protected":false},"author":1,"featured_media":0,"parent":0,"menu_order":0,"comment_status":"closed","ping_status":"closed","template":"","meta":[],"_links":{"self":[{"href":"https:\/\/curacaoblueseasfestival.com\/es\/wp-json\/wp\/v2\/pages\/31"}],"collection":[{"href":"https:\/\/curacaoblueseasfestival.com\/es\/wp-json\/wp\/v2\/pages"}],"about":[{"href":"https:\/\/curacaoblueseasfestival.com\/es\/wp-json\/wp\/v2\/types\/page"}],"author":[{"embeddable":true,"href":"https:\/\/curacaoblueseasfestival.com\/es\/wp-json\/wp\/v2\/users\/1"}],"replies":[{"embeddable":true,"href":"https:\/\/curacaoblueseasfestival.com\/es\/wp-json\/wp\/v2\/comments?post=31"}],"version-history":[{"count":18,"href":"https:\/\/curacaoblueseasfestival.com\/es\/wp-json\/wp\/v2\/pages\/31\/revisions"}],"predecessor-version":[{"id":1042,"href":"https:\/\/curacaoblueseasfestival.com\/es\/wp-json\/wp\/v2\/pages\/31\/revisions\/1042"}],"wp:attachment":[{"href":"https:\/\/curacaoblueseasfestival.com\/es\/wp-json\/wp\/v2\/media?parent=31"}],"curies":[{"name":"wp","href":"https:\/\/api.w.org\/{rel}","templated":true}]}}