{"id":31,"date":"2021-08-17T15:14:26","date_gmt":"2021-08-17T15:14:26","guid":{"rendered":"http:\/\/blueseas.local\/?page_id=31"},"modified":"2021-10-22T17:55:53","modified_gmt":"2021-10-22T17:55:53","slug":"about","status":"publish","type":"page","link":"https:\/\/curacaoblueseasfestival.com\/nl\/about\/","title":{"rendered":"OVER"},"content":{"rendered":"<div data-elementor-type=\"wp-page\" data-elementor-id=\"31\" class=\"elementor elementor-31\" data-elementor-settings=\"[]\">\n\t\t\t\t\t\t\t<div class=\"elementor-section-wrap\">\n\t\t\t\t\t\t\t<section class=\"elementor-section elementor-top-section elementor-element elementor-element-63d194f6 elementor-section-boxed elementor-section-height-default elementor-section-height-default\" data-id=\"63d194f6\" data-element_type=\"section\">\n\t\t\t\t\t\t<div class=\"elementor-container elementor-column-gap-default\">\n\t\t\t\t\t<div class=\"elementor-column elementor-col-100 elementor-top-column elementor-element elementor-element-74a3a331\" data-id=\"74a3a331\" data-element_type=\"column\">\n\t\t\t<div class=\"elementor-widget-wrap\">\n\t\t\t\t\t\t\t\t\t<\/div>\n\t\t<\/div>\n\t\t\t\t\t\t\t<\/div>\n\t\t<\/section>\n\t\t\t\t<section class=\"elementor-section elementor-top-section elementor-element elementor-element-4b201183 elementor-section-boxed elementor-section-height-default elementor-section-height-default\" data-id=\"4b201183\" data-element_type=\"section\">\n\t\t\t\t\t\t<div class=\"elementor-container elementor-column-gap-default\">\n\t\t\t\t\t<div class=\"elementor-column elementor-col-100 elementor-top-column elementor-element elementor-element-c4ac79e\" data-id=\"c4ac79e\" data-element_type=\"column\" data-settings=\"{&quot;background_background&quot;:&quot;classic&quot;}\">\n\t\t\t<div class=\"elementor-widget-wrap elementor-element-populated\">\n\t\t\t\t\t<div class=\"elementor-background-overlay\"><\/div>\n\t\t\t\t\t\t\t\t<div class=\"elementor-element elementor-element-6371d65b elementor-widget elementor-widget-heading\" data-id=\"6371d65b\" data-element_type=\"widget\" data-widget_type=\"heading.default\">\n\t\t\t\t<div class=\"elementor-widget-container\">\n\t\t\t<h2 class=\"elementor-heading-title elementor-size-default\">About Fundashon Bon Intenshon<\/h2>\t\t<\/div>\n\t\t\t\t<\/div>\n\t\t\t\t<div class=\"elementor-element elementor-element-214aff88 elementor-widget elementor-widget-text-editor\" data-id=\"214aff88\" data-element_type=\"widget\" data-widget_type=\"text-editor.default\">\n\t\t\t\t<div class=\"elementor-widget-container\">\n\t\t\t\t\t\t\t<p><img loading=\"lazy\" class=\"size-medium wp-image-1039 alignleft\" src=\"https:\/\/curacaoblueseasfestival.com\/wp-content\/uploads\/2021\/10\/d3f4817c317e402d97b0a6c824dc8b0b-300x98.jpg\" alt=\"\" width=\"300\" height=\"98\" srcset=\"https:\/\/curacaoblueseasfestival.com\/wp-content\/uploads\/2021\/10\/d3f4817c317e402d97b0a6c824dc8b0b-300x98.jpg 300w, https:\/\/curacaoblueseasfestival.com\/wp-content\/uploads\/2021\/10\/d3f4817c317e402d97b0a6c824dc8b0b-18x6.jpg 18w, https:\/\/curacaoblueseasfestival.com\/wp-content\/uploads\/2021\/10\/d3f4817c317e402d97b0a6c824dc8b0b.jpg 306w\" sizes=\"(max-width: 300px) 100vw, 300px\" \/>De Stichting Fundashon Bon Intenshon, gevestigd op Cura\u00e7ao en opgericht in 1990, is initiatiefnemer, medeorganisator en sponsor van Cura\u00e7ao International BlueSeas Festival.<\/p><p>Fundashon Bon Intenshon wil Cura\u00e7ao op een bijzondere wijze groots onder de aandacht brengen van de (inter)nationale gemeenschap. Sinds de oprichting heeft de Fundashon, vanuit een sociale en maatschappelijke betrokkenheid meerdere projecten gesteund op het gebied van onderwijs, cultuur, sport, armoedebestrijding, zorg en toerisme. Het accent van steun ligt voornamelijk op het terrein van het cre\u00ebren van betere kansen voor jongeren in achterstandsituaties. Een mooi voorbeeld daarvan is de\u00a0<a href=\"http:\/\/www.curacaosocceracademy.com\/\" target=\"_blank\" rel=\"noopener\">Cura\u00e7ao Soccer Academy<\/a>, een voetbal academie, uniek in de regio, dat speciaal is opgezet voor de jeugd. Jonge talenten krijgen bijna dagelijks voetbaltraining en worden daarnaast ook begeleid op persoonlijk vlak en met hun huiswerk.<\/p><p>Het Cura\u00e7ao International BlueSeas Festival dat door de Fundashon, in samenwerking met\u00a0<a href=\"http:\/\/www.mojo.nl\/\" target=\"_blank\" rel=\"noopener\">Mojo Concerts<\/a>, wordt georganiseerd, sluit perfect aan bij haar doelstellingen. De bezoekers genieten niet alleen van het festival maar ook van de gastvrijheid van Cura\u00e7ao. Het eiland Cura\u00e7ao wordt in al haar aspecten op een bijzondere manier onder de aandacht van de internationale muziekliefhebbers gebracht<\/p><p>Twee andere unieke projecten die mogelijk zijn gemaakt door Fundashon Bon Intenshon zijn\u00a0<a href=\"http:\/\/www.curacaonorthseajazz.com\/\" target=\"_blank\" rel=\"noopener\">Cura\u00e7ao North Sea Jazz Festival<\/a>\u00a0(sinds 2010) en\u00a0<a href=\"http:\/\/www.curacaoiffr.com\/\" target=\"_blank\" rel=\"noopener\">Cura\u00e7ao International Film Festival Rotterdam<\/a>\u00a0(sinds 2012)<\/p>\t\t\t\t\t\t<\/div>\n\t\t\t\t<\/div>\n\t\t\t\t<section class=\"elementor-section elementor-inner-section elementor-element elementor-element-10382063 elementor-section-boxed elementor-section-height-default elementor-section-height-default\" data-id=\"10382063\" data-element_type=\"section\" data-settings=\"{&quot;background_background&quot;:&quot;classic&quot;}\">\n\t\t\t\t\t\t\t<div class=\"elementor-background-overlay\"><\/div>\n\t\t\t\t\t\t\t<div class=\"elementor-container elementor-column-gap-default\">\n\t\t\t\t\t<div class=\"elementor-column elementor-col-50 elementor-inner-column elementor-element elementor-element-6734c946\" data-id=\"6734c946\" data-element_type=\"column\">\n\t\t\t<div class=\"elementor-widget-wrap elementor-element-populated\">\n\t\t\t\t\t\t\t\t<div class=\"elementor-element elementor-element-6811c26f elementor-grid-1 elementor-grid-tablet-2 elementor-grid-mobile-1 elementor-posts--thumbnail-top elementor-widget elementor-widget-posts\" data-id=\"6811c26f\" data-element_type=\"widget\" data-settings=\"{&quot;classic_columns&quot;:&quot;1&quot;,&quot;classic_columns_tablet&quot;:&quot;2&quot;,&quot;classic_columns_mobile&quot;:&quot;1&quot;,&quot;classic_row_gap&quot;:{&quot;unit&quot;:&quot;px&quot;,&quot;size&quot;:35,&quot;sizes&quot;:[]}}\" data-widget_type=\"posts.classic\">\n\t\t\t\t<div class=\"elementor-widget-container\">\n\t\t\t\t\t<div class=\"elementor-posts-container elementor-posts elementor-posts--skin-classic elementor-grid\">\n\t\t\t\t<article class=\"elementor-post elementor-grid-item post-233 post type-post status-publish format-standard hentry category-footer\">\n\t\t\t\t<div class=\"elementor-post__text\">\n\t\t\t\t<div class=\"elementor-post__excerpt\">\n\t\t\t<p>\u00a9 Copyright 2021 Cura\u00e7ao International BlueSeas Festival. Alle rechten voorbehouden.<\/p>\n\t\t<\/div>\n\t\t\t\t<\/div>\n\t\t\t\t<\/article>\n\t\t\t\t<\/div>\n\n\n\t\t\n\t\t\t\t<\/div>\n\t\t\t\t<\/div>\n\t\t\t\t\t<\/div>\n\t\t<\/div>\n\t\t\t\t<div class=\"elementor-column elementor-col-50 elementor-inner-column elementor-element elementor-element-2f9adc8\" data-id=\"2f9adc8\" data-element_type=\"column\">\n\t\t\t<div class=\"elementor-widget-wrap elementor-element-populated\">\n\t\t\t\t\t\t\t\t<div class=\"elementor-element elementor-element-399b4f70 elementor-widget elementor-widget-text-editor\" data-id=\"399b4f70\" data-element_type=\"widget\" data-widget_type=\"text-editor.default\">\n\t\t\t\t<div class=\"elementor-widget-container\">\n\t\t\t\t\t\t\t<p><a href=\"https:\/\/curacaoblueseasfestival.com\/nl\/contact\/\">Contact<\/a><\/p>\t\t\t\t\t\t<\/div>\n\t\t\t\t<\/div>\n\t\t\t\t\t<\/div>\n\t\t<\/div>\n\t\t\t\t\t\t\t<\/div>\n\t\t<\/section>\n\t\t\t\t\t<\/div>\n\t\t<\/div>\n\t\t\t\t\t\t\t<\/div>\n\t\t<\/section>\n\t\t\t\t\t\t<\/div>\n\t\t\t\t\t<\/div>","protected":false},"excerpt":{"rendered":"<p>About Fundashon Bon Intenshon The Foundation \u201cFundashon Bon Intenshon\u201d, established in Cura\u00e7ao and founded in 1990, is initiator, co-organizer, and main sponsor of Cura\u00e7ao International BlueSeas Festival. Fundashon Bon Intenshon wishes to prominently bring Cura\u00e7ao to the attention of the (inter)national community in a special manner. Since its formation, the Fundashon has, as part of [&hellip;]<\/p>","protected":false},"author":1,"featured_media":0,"parent":0,"menu_order":0,"comment_status":"closed","ping_status":"closed","template":"","meta":[],"_links":{"self":[{"href":"https:\/\/curacaoblueseasfestival.com\/nl\/wp-json\/wp\/v2\/pages\/31"}],"collection":[{"href":"https:\/\/curacaoblueseasfestival.com\/nl\/wp-json\/wp\/v2\/pages"}],"about":[{"href":"https:\/\/curacaoblueseasfestival.com\/nl\/wp-json\/wp\/v2\/types\/page"}],"author":[{"embeddable":true,"href":"https:\/\/curacaoblueseasfestival.com\/nl\/wp-json\/wp\/v2\/users\/1"}],"replies":[{"embeddable":true,"href":"https:\/\/curacaoblueseasfestival.com\/nl\/wp-json\/wp\/v2\/comments?post=31"}],"version-history":[{"count":18,"href":"https:\/\/curacaoblueseasfestival.com\/nl\/wp-json\/wp\/v2\/pages\/31\/revisions"}],"predecessor-version":[{"id":1042,"href":"https:\/\/curacaoblueseasfestival.com\/nl\/wp-json\/wp\/v2\/pages\/31\/revisions\/1042"}],"wp:attachment":[{"href":"https:\/\/curacaoblueseasfestival.com\/nl\/wp-json\/wp\/v2\/media?parent=31"}],"curies":[{"name":"wp","href":"https:\/\/api.w.org\/{rel}","templated":true}]}}